{"id":11,"date":"2018-01-29T22:05:27","date_gmt":"2018-01-29T20:05:27","guid":{"rendered":"https:\/\/amber-residence.ro\/?page_id=11"},"modified":"2025-03-30T18:45:53","modified_gmt":"2025-03-30T16:45:53","slug":"prima-pagina","status":"publish","type":"page","link":"https:\/\/amber-residence.ro\/","title":{"rendered":"Apartamentele Amber Residence"},"content":{"rendered":"<div class=\"wpb_text_column wpb_content_element \">\n<div class=\"wpb_wrapper\">\n<h3 style=\"text-align: left;\"><span style=\"color: #ffbf00;\">\u00a0<span style=\"color: #999999;\"> Proiectul imobiliar<\/span> Amber Residence<span style=\"color: #999999;\"> ofer\u0103 30 de apartamente speciale, moderne \u0219i ultra-spa\u021bioase, <\/span><\/span><span style=\"color: #999999;\">proiectate individual, cu aten\u021bie la detalii, astfel \u00eenc\u00e2t fiecare s\u0103 ofere un plus de caracter \u0219i func\u021bionalitate.<\/span><\/h3>\n<h3><span style=\"color: #999999;\">\u00a0 Apartamente moderne, construite cu grij\u0103 pentru detalii<\/span><b><\/b><\/h3>\n<h3><span style=\"color: #999999;\">\u00a0 Fiecare unitate este unic\u0103 \u2013 spa\u021bioas\u0103, luminoas\u0103, cu finisaje de calitate superioar\u0103 \u0219i toate utilit\u0103\u021bile incluse. Le livr\u0103m la cheie, exact cum \u021bi-ai dori s\u0103 le prime\u0219ti.<\/span><\/h3>\n<h3 style=\"text-align: left;\"><span style=\"color: #c9c9c9;\">\u00a0 <span style=\"color: #999999;\">Urm\u0103rim s\u0103 r\u0103spundem tuturor nevoilor locative, at\u00e2t \u00een r\u00e2ndul tinerilor, c\u00e2t \u015fi \u00een r\u00e2ndul celor care prefer\u0103 s\u0103-\u015fi schimbe locuin\u0163a actual\u0103 cu una \u00eentr-un ansamblu reziden\u0163ia, <\/span><\/span><span style=\"color: #999999;\">pentru un trai mai confortabil, eficient \u0219i adaptat nevoilor actuale \u2013 de la spa\u021bii mai mari, la izola\u021bie fonic\u0103 \u0219i construc\u021bie durabil\u0103.<\/span><\/h3>\n<h3 style=\"text-align: left;\"><span style=\"color: #c9c9c9;\">\u00a0<\/span><\/h3>\n<\/div>\n<\/div>\n","protected":false},"excerpt":{"rendered":"<p>\u00a0 Proiectul imobiliar Amber Residence ofer\u0103 30 de apartamente speciale, moderne \u0219i ultra-spa\u021bioase, proiectate individual, cu aten\u021bie la detalii, astfel \u00eenc\u00e2t fiecare s\u0103 ofere un plus de caracter \u0219i func\u021bionalitate. \u00a0 Apartamente moderne, construite cu grij\u0103 pentru detalii \u00a0 Fiecare unitate este unic\u0103 \u2013 spa\u021bioas\u0103, luminoas\u0103, cu finisaje de calitate superioar\u0103 \u0219i toate utilit\u0103\u021bile incluse&#8230;. <\/p>\n","protected":false},"author":1,"featured_media":0,"parent":0,"menu_order":0,"comment_status":"closed","ping_status":"closed","template":"full-width.php","meta":{"footnotes":""},"class_list":["post-11","page","type-page","status-publish","hentry"],"_links":{"self":[{"href":"https:\/\/amber-residence.ro\/index.php?rest_route=\/wp\/v2\/pages\/11","targetHints":{"allow":["GET"]}}],"collection":[{"href":"https:\/\/amber-residence.ro\/index.php?rest_route=\/wp\/v2\/pages"}],"about":[{"href":"https:\/\/amber-residence.ro\/index.php?rest_route=\/wp\/v2\/types\/page"}],"author":[{"embeddable":true,"href":"https:\/\/amber-residence.ro\/index.php?rest_route=\/wp\/v2\/users\/1"}],"replies":[{"embeddable":true,"href":"https:\/\/amber-residence.ro\/index.php?rest_route=%2Fwp%2Fv2%2Fcomments&post=11"}],"version-history":[{"count":6,"href":"https:\/\/amber-residence.ro\/index.php?rest_route=\/wp\/v2\/pages\/11\/revisions"}],"predecessor-version":[{"id":1731,"href":"https:\/\/amber-residence.ro\/index.php?rest_route=\/wp\/v2\/pages\/11\/revisions\/1731"}],"wp:attachment":[{"href":"https:\/\/amber-residence.ro\/index.php?rest_route=%2Fwp%2Fv2%2Fmedia&parent=11"}],"curies":[{"name":"wp","href":"https:\/\/api.w.org\/{rel}","templated":true}]}}