{"id":994,"date":"2021-02-10T16:58:23","date_gmt":"2021-02-10T14:58:23","guid":{"rendered":"https:\/\/amber-residence.ro\/?page_id=994"},"modified":"2026-03-12T15:00:54","modified_gmt":"2026-03-12T13:00:54","slug":"parcare","status":"publish","type":"page","link":"https:\/\/amber-residence.ro\/?page_id=994","title":{"rendered":"Parcare"},"content":{"rendered":"<p><span style=\"color: #ffcc00;\"><strong>Derulati in jos pentru mai multe detalii si poze<\/strong><\/span><\/p>\n<h3 style=\"text-align: center;\"><span style=\"color: #e0e0e0;\"><b>Parchezi f\u0103r\u0103 stres. \u00cen fiecare zi.\u00a0<\/b><\/span><\/h3>\n<p>&nbsp;<\/p>\n<h1 style=\"text-align: left;\"><span style=\"color: #ffd700;\"><b>Loc de parcare \u2013 10,00<\/b><\/span><span style=\"color: #ffd700;\"><b>0 \u20ac<\/b><\/span><\/h1>\n<p>&nbsp;<\/p>\n<h5 class=\"p3\" style=\"text-align: center;\"><span style=\"color: #e5e5e5;\">Un loc doar al t\u0103u, mereu liber, mereu aproape. F\u0103r\u0103 c\u0103ut\u0103ri, f\u0103r\u0103 blocaje, f\u0103r\u0103 nervi.<\/span><\/h5>\n<h5 class=\"p3\" style=\"text-align: center;\"><span style=\"color: #e5e5e5;\">Transform\u0103-\u021bi rutina zilnic\u0103 \u00eentr-un moment de lini\u0219te \u0219i confort.<\/span><\/h5>\n<p>&nbsp;<\/p>\n<p>&nbsp;<\/p>\n<h4><\/h4>\n<p style=\"text-align: center;\">\n<style>\n\t#hotspot-1467 .hotspots-image-container,\n\t#hotspot-1467 .leaflet-container {\n\t\tbackground: #efefef\t}\n\n\t#hotspot-1467 .hotspots-placeholder,\n\t.featherlight .featherlight-content.lightbox-1467 {\n\t\tbackground: #000000;\n\t\tborder: 0 #000000 solid;\n\t\tcolor: #dfebe5;\n\t}\n\n\t#hotspot-1467 .hotspot-title,\n\t#hotspot-1467 .bc-product__title a,\n\t.featherlight .featherlight-content.lightbox-1467 .hotspot-title,\n\t.featherlight .featherlight-content.lightbox-1467 .bc-product__title a {\n\t\tcolor: #93c7a4;\n\t}\n\n\t\t\t#hotspot-1467 .hotspot-disponibil {\n\t\t\tstroke-width: 1;\n\t\t\tfill: #59d600;\n\t\t\tfill-opacity: 0.51;\n\t\t\tstroke: #000000;\n\t\t\tstroke-opacity: 1.01;\n\t\t}\n\t\t#hotspot-1467 .hotspot-disponibil:hover,\n\t\t#hotspot-1467 .hotspot-disponibil:focus,\n\t\t#hotspot-1467 .hotspot-disponibil.hotspot-active {\n\t\t\tfill: #ffffff;\n\t\t\tfill-opacity: 1.01;\n\t\t\toutline: none;\n\t\t\tstroke: #000000;\n\t\t\tstroke-opacity: 1.01;\n\t\t}\n\t\t\t#hotspot-1467 .hotspot-vandut {\n\t\t\tstroke-width: 1;\n\t\t\tfill: #dd3333;\n\t\t\tfill-opacity: 0.51;\n\t\t\tstroke: #000000;\n\t\t\tstroke-opacity: 1.01;\n\t\t}\n\t\t#hotspot-1467 .hotspot-vandut:hover,\n\t\t#hotspot-1467 .hotspot-vandut:focus,\n\t\t#hotspot-1467 .hotspot-vandut.hotspot-active {\n\t\t\tfill: #ffffff;\n\t\t\tfill-opacity: 1.01;\n\t\t\toutline: none;\n\t\t\tstroke: #000000;\n\t\t\tstroke-opacity: 1.01;\n\t\t}\n\t\t\t#hotspot-1467 .hotspot-rezervat {\n\t\t\tstroke-width: 1;\n\t\t\tfill: #1e73be;\n\t\t\tfill-opacity: 0.81;\n\t\t\tstroke: #000000;\n\t\t\tstroke-opacity: 1.01;\n\t\t}\n\t\t#hotspot-1467 .hotspot-rezervat:hover,\n\t\t#hotspot-1467 .hotspot-rezervat:focus,\n\t\t#hotspot-1467 .hotspot-rezervat.hotspot-active {\n\t\t\tfill: #ffffff;\n\t\t\tfill-opacity: 0.81;\n\t\t\toutline: none;\n\t\t\tstroke: #000000;\n\t\t\tstroke-opacity: 1.01;\n\t\t}\n\t\t\t#hotspot-1467 .hotspot-default {\n\t\t\tstroke-width: 1;\n\t\t\tfill: #8224e3;\n\t\t\tfill-opacity: 0.81;\n\t\t\tstroke: #ffffff;\n\t\t\tstroke-opacity: 1.01;\n\t\t}\n\t\t#hotspot-1467 .hotspot-default:hover,\n\t\t#hotspot-1467 .hotspot-default:focus,\n\t\t#hotspot-1467 .hotspot-default.hotspot-active {\n\t\t\tfill: #ffffff;\n\t\t\tfill-opacity: 0.81;\n\t\t\toutline: none;\n\t\t\tstroke: #ffffff;\n\t\t\tstroke-opacity: 1.01;\n\t\t}\n\t\t#hotspot-1467 .leaflet-tooltip,\n\t#hotspot-1467 .leaflet-rrose-content-wrapper {\n\t\tbackground: #000000;\n\t\tborder-color: #000000;\n\t\tcolor: #dfebe5;\n\t}\n\n\t#hotspot-1467 a.leaflet-rrose-close-button {\n\t\tcolor: #93c7a4;\n\t}\n\n\t#hotspot-1467 .leaflet-rrose-tip {\n\t\tbackground: #000000;\n\t}\n\n\t#hotspot-1467 .leaflet-popup-scrolled {\n\t\tborder-bottom-color: #dfebe5;\n\t\tborder-top-color: #dfebe5;\n\t}\n\n\t#hotspot-1467 .leaflet-tooltip-top:before {\n\t\tborder-top-color: #000000;\n\t}\n\n\t#hotspot-1467 .leaflet-tooltip-bottom:before {\n\t\tborder-bottom-color: #000000;\n\t}\n\t#hotspot-1467 .leaflet-tooltip-left:before {\n\t\tborder-left-color: #000000;\n\t}\n\t#hotspot-1467 .leaflet-tooltip-right:before {\n\t\tborder-right-color: #000000;\n\t}\n<\/style>\n\n\n\t<div class=\"hotspots-container  layout-left event-click\" id=\"hotspot-1467\" data-layout=\"left\" data-trigger=\"click\">\n\t\t<div class=\"hotspots-interaction\">\n\t\t\t\t<div class=\"hotspots-placeholder\" id=\"content-hotspot-1467\">\n\t\t<div class=\"hotspot-initial\">\n\t\t\t\t\t\t\t\t\t<h2 class=\"hotspot-title\">\n\t\t\t\tLocuri parcare\t\t\t<\/h2>\n\t\t\t\t\t\t<div class=\"hotspot-content\">\n\t\t\t\t\t\t\t<\/div>\n\t\t<\/div>\n\t<\/div>\n<div class=\"hotspots-image-container\">\n\t<img\n\t\twidth=\"7972\"\n\t\theight=\"4370\"\n\t\tsrc=\"https:\/\/amber-residence.ro\/wp-content\/uploads\/2018\/02\/Prezentare-nivel-parcare-Drumul-la-Rosu-Nr.1.jpg\"\n\t\talt=\"Locuri parcare\"\n\t\tclass=\"hotspots-image skip-lazy\"\n\t\tusemap=\"#hotspots-image-1467\"\n\t\tdata-image-title=\"Locuri parcare\"\n\t\tdata-image-description=\"\"\n\t\tdata-event-trigger=\"click\"\n\t\tdata-always-visible=\"on\"\n\t\tdata-id=\"1467\"\n\t\tdata-no-lazy=\"1\"\n\t\tdata-lazy-src=\"\"\n\t\tdata-lazy=\"false\"\n\t\tloading=\"eager\"\n\t\tdata-skip-lazy=\"1\"\n\t\t>\n<\/div>\t\t<\/div>\n\t\t<map name=\"hotspots-image-1467\" class=\"hotspots-map\">\n\t\t\t\t\t\t\t\t\t\t\t<area\n\t\t\t\t\tshape=\"poly\"\n\t\t\t\t\tcoords=\"569,547,730,548,732,475,568,475\"\n\t\t\t\t\thref=\"#hotspot-hotspot-1467-0\"\n\t\t\t\t\trel=\"\"\n\t\t\t\t\ttitle=\"Loc 1 - Vandut\"\n\t\t\t\t\talt=\"Loc 1 - Vandut\"\n\t\t\t\t\tdata-action=\"\"\n\t\t\t\t\tdata-color-scheme=\"vandut\"\n\t\t\t\t\tdata-id=\"area-hotspot-1467-0\"\n\t\t\t\t\ttarget=\"\"\n\t\t\t\t\tclass=\"more-info-area\"\n\t\t\t\t\t>\n\t\t\t\t\t\t\t\t\t\t\t<area\n\t\t\t\t\tshape=\"poly\"\n\t\t\t\t\tcoords=\"972,555,1039,556,1039,419,973,419\"\n\t\t\t\t\thref=\"#hotspot-hotspot-1467-1\"\n\t\t\t\t\trel=\"\"\n\t\t\t\t\ttitle=\"Loc 2\/3 - Vandut\"\n\t\t\t\t\talt=\"Loc 2\/3 - Vandut\"\n\t\t\t\t\tdata-action=\"\"\n\t\t\t\t\tdata-color-scheme=\"vandut\"\n\t\t\t\t\tdata-id=\"area-hotspot-1467-1\"\n\t\t\t\t\ttarget=\"\"\n\t\t\t\t\tclass=\"more-info-area\"\n\t\t\t\t\t>\n\t\t\t\t\t\t\t\t\t\t\t<area\n\t\t\t\t\tshape=\"poly\"\n\t\t\t\t\tcoords=\"1088,553,1156,554,1156,418,1088,418\"\n\t\t\t\t\thref=\"#hotspot-hotspot-1467-2\"\n\t\t\t\t\trel=\"\"\n\t\t\t\t\ttitle=\"Loc 4\/5 - Vandut\"\n\t\t\t\t\talt=\"Loc 4\/5 - Vandut\"\n\t\t\t\t\tdata-action=\"\"\n\t\t\t\t\tdata-color-scheme=\"vandut\"\n\t\t\t\t\tdata-id=\"area-hotspot-1467-2\"\n\t\t\t\t\ttarget=\"\"\n\t\t\t\t\tclass=\"more-info-area\"\n\t\t\t\t\t>\n\t\t\t\t\t\t\t\t\t\t\t<area\n\t\t\t\t\tshape=\"poly\"\n\t\t\t\t\tcoords=\"1156,554,1221,553,1221,418,1156,418\"\n\t\t\t\t\thref=\"#hotspot-hotspot-1467-3\"\n\t\t\t\t\trel=\"\"\n\t\t\t\t\ttitle=\"Loc 6\/7 - Vandut\"\n\t\t\t\t\talt=\"Loc 6\/7 - Vandut\"\n\t\t\t\t\tdata-action=\"\"\n\t\t\t\t\tdata-color-scheme=\"vandut\"\n\t\t\t\t\tdata-id=\"area-hotspot-1467-3\"\n\t\t\t\t\ttarget=\"\"\n\t\t\t\t\tclass=\"more-info-area\"\n\t\t\t\t\t>\n\t\t\t\t\t\t\t\t\t\t\t<area\n\t\t\t\t\tshape=\"poly\"\n\t\t\t\t\tcoords=\"1156,411,1221,411,1221,274,1156,274\"\n\t\t\t\t\thref=\"#hotspot-hotspot-1467-4\"\n\t\t\t\t\trel=\"\"\n\t\t\t\t\ttitle=\"Loc 8\/9 - Vandut\"\n\t\t\t\t\talt=\"Loc 8\/9 - Vandut\"\n\t\t\t\t\tdata-action=\"\"\n\t\t\t\t\tdata-color-scheme=\"vandut\"\n\t\t\t\t\tdata-id=\"area-hotspot-1467-4\"\n\t\t\t\t\ttarget=\"\"\n\t\t\t\t\tclass=\"more-info-area\"\n\t\t\t\t\t>\n\t\t\t\t\t\t\t\t\t\t\t<area\n\t\t\t\t\tshape=\"poly\"\n\t\t\t\t\tcoords=\"1088,410,1156,410,1156,274,1088,274\"\n\t\t\t\t\thref=\"#hotspot-hotspot-1467-5\"\n\t\t\t\t\trel=\"\"\n\t\t\t\t\ttitle=\"Loc 10\/11 - Vandut\"\n\t\t\t\t\talt=\"Loc 10\/11 - Vandut\"\n\t\t\t\t\tdata-action=\"\"\n\t\t\t\t\tdata-color-scheme=\"vandut\"\n\t\t\t\t\tdata-id=\"area-hotspot-1467-5\"\n\t\t\t\t\ttarget=\"\"\n\t\t\t\t\tclass=\"more-info-area\"\n\t\t\t\t\t>\n\t\t\t\t\t\t\t\t\t\t\t<area\n\t\t\t\t\tshape=\"poly\"\n\t\t\t\t\tcoords=\"907,405,1041,404,1041,268,906,271\"\n\t\t\t\t\thref=\"#hotspot-hotspot-1467-6\"\n\t\t\t\t\trel=\"\"\n\t\t\t\t\ttitle=\"Loc 12\/13 + 14\/15 - Vandut\"\n\t\t\t\t\talt=\"Loc 12\/13 + 14\/15 - Vandut\"\n\t\t\t\t\tdata-action=\"\"\n\t\t\t\t\tdata-color-scheme=\"vandut\"\n\t\t\t\t\tdata-id=\"area-hotspot-1467-6\"\n\t\t\t\t\ttarget=\"\"\n\t\t\t\t\tclass=\"more-info-area\"\n\t\t\t\t\t>\n\t\t\t\t\t\t\t\t\t\t\t<area\n\t\t\t\t\tshape=\"poly\"\n\t\t\t\t\tcoords=\"907,404,1042,405,1042,268,907,268\"\n\t\t\t\t\thref=\"#hotspot-hotspot-1467-7\"\n\t\t\t\t\trel=\"\"\n\t\t\t\t\ttitle=\"Loc 14\/15 + 12\/13 - Vandut\"\n\t\t\t\t\talt=\"Loc 14\/15 + 12\/13 - Vandut\"\n\t\t\t\t\tdata-action=\"\"\n\t\t\t\t\tdata-color-scheme=\"vandut\"\n\t\t\t\t\tdata-id=\"area-hotspot-1467-7\"\n\t\t\t\t\ttarget=\"\"\n\t\t\t\t\tclass=\"more-info-area\"\n\t\t\t\t\t>\n\t\t\t\t\t\t\t\t\t\t\t<area\n\t\t\t\t\tshape=\"poly\"\n\t\t\t\t\tcoords=\"637,405,728,405,728,270,637,270\"\n\t\t\t\t\thref=\"#hotspot-hotspot-1467-8\"\n\t\t\t\t\trel=\"\"\n\t\t\t\t\ttitle=\"Loc 16 - Vandut\"\n\t\t\t\t\talt=\"Loc 16 - Vandut\"\n\t\t\t\t\tdata-action=\"\"\n\t\t\t\t\tdata-color-scheme=\"vandut\"\n\t\t\t\t\tdata-id=\"area-hotspot-1467-8\"\n\t\t\t\t\ttarget=\"\"\n\t\t\t\t\tclass=\"more-info-area\"\n\t\t\t\t\t>\n\t\t\t\t\t\t\t\t\t\t\t<area\n\t\t\t\t\tshape=\"poly\"\n\t\t\t\t\tcoords=\"571,404,636,404,636,268,571,268\"\n\t\t\t\t\thref=\"#hotspot-hotspot-1467-9\"\n\t\t\t\t\trel=\"\"\n\t\t\t\t\ttitle=\"Loc 17\/18 - Vandut\"\n\t\t\t\t\talt=\"Loc 17\/18 - Vandut\"\n\t\t\t\t\tdata-action=\"\"\n\t\t\t\t\tdata-color-scheme=\"vandut\"\n\t\t\t\t\tdata-id=\"area-hotspot-1467-9\"\n\t\t\t\t\ttarget=\"\"\n\t\t\t\t\tclass=\"more-info-area\"\n\t\t\t\t\t>\n\t\t\t\t\t\t\t\t\t\t\t<area\n\t\t\t\t\tshape=\"poly\"\n\t\t\t\t\tcoords=\"525,690,525,763,691,763,691,690\"\n\t\t\t\t\thref=\"#hotspot-hotspot-1467-10\"\n\t\t\t\t\trel=\"\"\n\t\t\t\t\ttitle=\"Loc 19 - Vandut\"\n\t\t\t\t\talt=\"Loc 19 - Vandut\"\n\t\t\t\t\tdata-action=\"\"\n\t\t\t\t\tdata-color-scheme=\"vandut\"\n\t\t\t\t\tdata-id=\"area-hotspot-1467-10\"\n\t\t\t\t\ttarget=\"\"\n\t\t\t\t\tclass=\"more-info-area\"\n\t\t\t\t\t>\n\t\t\t\t\t\t\t\t\t\t\t<area\n\t\t\t\t\tshape=\"poly\"\n\t\t\t\t\tcoords=\"691,689,691,763,856,763,856,689\"\n\t\t\t\t\thref=\"#hotspot-hotspot-1467-11\"\n\t\t\t\t\trel=\"\"\n\t\t\t\t\ttitle=\"Loc 20 - Vandut\"\n\t\t\t\t\talt=\"Loc 20 - Vandut\"\n\t\t\t\t\tdata-action=\"\"\n\t\t\t\t\tdata-color-scheme=\"vandut\"\n\t\t\t\t\tdata-id=\"area-hotspot-1467-11\"\n\t\t\t\t\ttarget=\"\"\n\t\t\t\t\tclass=\"more-info-area\"\n\t\t\t\t\t>\n\t\t\t\t\t\t\t\t\t\t\t<area\n\t\t\t\t\tshape=\"poly\"\n\t\t\t\t\tcoords=\"857,763,1021,763,1021,690,857,690\"\n\t\t\t\t\thref=\"#hotspot-hotspot-1467-12\"\n\t\t\t\t\trel=\"\"\n\t\t\t\t\ttitle=\"Loc 21 - Vandut\"\n\t\t\t\t\talt=\"Loc 21 - Vandut\"\n\t\t\t\t\tdata-action=\"\"\n\t\t\t\t\tdata-color-scheme=\"vandut\"\n\t\t\t\t\tdata-id=\"area-hotspot-1467-12\"\n\t\t\t\t\ttarget=\"\"\n\t\t\t\t\tclass=\"more-info-area\"\n\t\t\t\t\t>\n\t\t\t\t\t\t\t\t\t\t\t<area\n\t\t\t\t\tshape=\"poly\"\n\t\t\t\t\tcoords=\"1022,764,1187,763,1187,690,1023,690\"\n\t\t\t\t\thref=\"#hotspot-hotspot-1467-13\"\n\t\t\t\t\trel=\"\"\n\t\t\t\t\ttitle=\"Loc 22 - Vandut\"\n\t\t\t\t\talt=\"Loc 22 - Vandut\"\n\t\t\t\t\tdata-action=\"\"\n\t\t\t\t\tdata-color-scheme=\"vandut\"\n\t\t\t\t\tdata-id=\"area-hotspot-1467-13\"\n\t\t\t\t\ttarget=\"\"\n\t\t\t\t\tclass=\"more-info-area\"\n\t\t\t\t\t>\n\t\t\t\t\t\t\t\t\t\t\t<area\n\t\t\t\t\tshape=\"poly\"\n\t\t\t\t\tcoords=\"1188,764,1353,765,1353,689,1188,689\"\n\t\t\t\t\thref=\"#hotspot-hotspot-1467-14\"\n\t\t\t\t\trel=\"\"\n\t\t\t\t\ttitle=\"Loc 23 - Rezervat\"\n\t\t\t\t\talt=\"Loc 23 - Rezervat\"\n\t\t\t\t\tdata-action=\"\"\n\t\t\t\t\tdata-color-scheme=\"rezervat\"\n\t\t\t\t\tdata-id=\"area-hotspot-1467-14\"\n\t\t\t\t\ttarget=\"\"\n\t\t\t\t\tclass=\"more-info-area\"\n\t\t\t\t\t>\n\t\t\t\t\t\t\t\t\t\t\t<area\n\t\t\t\t\tshape=\"poly\"\n\t\t\t\t\tcoords=\"1391,763,1465,755,1447,588,1373,597\"\n\t\t\t\t\thref=\"#hotspot-hotspot-1467-15\"\n\t\t\t\t\trel=\"\"\n\t\t\t\t\ttitle=\"Loc 24 - Rezervat\"\n\t\t\t\t\talt=\"Loc 24 - Rezervat\"\n\t\t\t\t\tdata-action=\"\"\n\t\t\t\t\tdata-color-scheme=\"rezervat\"\n\t\t\t\t\tdata-id=\"area-hotspot-1467-15\"\n\t\t\t\t\ttarget=\"\"\n\t\t\t\t\tclass=\"more-info-area\"\n\t\t\t\t\t>\n\t\t\t\t\t\t\t\t\t\t\t<area\n\t\t\t\t\tshape=\"poly\"\n\t\t\t\t\tcoords=\"1373,597,1447,588,1428,424,1356,432\"\n\t\t\t\t\thref=\"#hotspot-hotspot-1467-16\"\n\t\t\t\t\trel=\"\"\n\t\t\t\t\ttitle=\"Loc 25 - Vandut\"\n\t\t\t\t\talt=\"Loc 25 - Vandut\"\n\t\t\t\t\tdata-action=\"\"\n\t\t\t\t\tdata-color-scheme=\"vandut\"\n\t\t\t\t\tdata-id=\"area-hotspot-1467-16\"\n\t\t\t\t\ttarget=\"\"\n\t\t\t\t\tclass=\"more-info-area\"\n\t\t\t\t\t>\n\t\t\t\t\t\t\t\t\t\t\t<area\n\t\t\t\t\tshape=\"poly\"\n\t\t\t\t\tcoords=\"1354,433,1427,425,1409,259,1335,267\"\n\t\t\t\t\thref=\"#hotspot-hotspot-1467-17\"\n\t\t\t\t\trel=\"\"\n\t\t\t\t\ttitle=\"Loc 26 - Vandut\"\n\t\t\t\t\talt=\"Loc 26 - Vandut\"\n\t\t\t\t\tdata-action=\"\"\n\t\t\t\t\tdata-color-scheme=\"vandut\"\n\t\t\t\t\tdata-id=\"area-hotspot-1467-17\"\n\t\t\t\t\ttarget=\"\"\n\t\t\t\t\tclass=\"more-info-area\"\n\t\t\t\t\t>\n\t\t\t\t\t\t\t\t\t\t\t<area\n\t\t\t\t\tshape=\"poly\"\n\t\t\t\t\tcoords=\"1312,220,1385,220,1385,69,1312,68\"\n\t\t\t\t\thref=\"#hotspot-hotspot-1467-18\"\n\t\t\t\t\trel=\"\"\n\t\t\t\t\ttitle=\"Loc 27 - Vandut\"\n\t\t\t\t\talt=\"Loc 27 - Vandut\"\n\t\t\t\t\tdata-action=\"\"\n\t\t\t\t\tdata-color-scheme=\"vandut\"\n\t\t\t\t\tdata-id=\"area-hotspot-1467-18\"\n\t\t\t\t\ttarget=\"\"\n\t\t\t\t\tclass=\"more-info-area\"\n\t\t\t\t\t>\n\t\t\t\t\t\t\t\t\t\t\t<area\n\t\t\t\t\tshape=\"poly\"\n\t\t\t\t\tcoords=\"1091,140,1255,141,1255,67,1091,67\"\n\t\t\t\t\thref=\"#hotspot-hotspot-1467-19\"\n\t\t\t\t\trel=\"\"\n\t\t\t\t\ttitle=\"Loc 28 - Vandut\"\n\t\t\t\t\talt=\"Loc 28 - Vandut\"\n\t\t\t\t\tdata-action=\"\"\n\t\t\t\t\tdata-color-scheme=\"vandut\"\n\t\t\t\t\tdata-id=\"area-hotspot-1467-19\"\n\t\t\t\t\ttarget=\"\"\n\t\t\t\t\tclass=\"more-info-area\"\n\t\t\t\t\t>\n\t\t\t\t\t\t\t\t\t\t\t<area\n\t\t\t\t\tshape=\"poly\"\n\t\t\t\t\tcoords=\"925,140,1091,140,1091,67,925,67\"\n\t\t\t\t\thref=\"#hotspot-hotspot-1467-20\"\n\t\t\t\t\trel=\"\"\n\t\t\t\t\ttitle=\"Loc 29 - Vandut\"\n\t\t\t\t\talt=\"Loc 29 - Vandut\"\n\t\t\t\t\tdata-action=\"\"\n\t\t\t\t\tdata-color-scheme=\"vandut\"\n\t\t\t\t\tdata-id=\"area-hotspot-1467-20\"\n\t\t\t\t\ttarget=\"\"\n\t\t\t\t\tclass=\"more-info-area\"\n\t\t\t\t\t>\n\t\t\t\t\t\t\t\t\t\t\t<area\n\t\t\t\t\tshape=\"poly\"\n\t\t\t\t\tcoords=\"760,140,925,141,925,67,760,67\"\n\t\t\t\t\thref=\"#hotspot-hotspot-1467-21\"\n\t\t\t\t\trel=\"\"\n\t\t\t\t\ttitle=\"Loc 30 - Vandut\"\n\t\t\t\t\talt=\"Loc 30 - Vandut\"\n\t\t\t\t\tdata-action=\"\"\n\t\t\t\t\tdata-color-scheme=\"vandut\"\n\t\t\t\t\tdata-id=\"area-hotspot-1467-21\"\n\t\t\t\t\ttarget=\"\"\n\t\t\t\t\tclass=\"more-info-area\"\n\t\t\t\t\t>\n\t\t\t\t\t\t\t\t\t\t\t<area\n\t\t\t\t\tshape=\"poly\"\n\t\t\t\t\tcoords=\"592,140,760,141,760,67,592,67\"\n\t\t\t\t\thref=\"#hotspot-hotspot-1467-22\"\n\t\t\t\t\trel=\"\"\n\t\t\t\t\ttitle=\"Loc 31 - Vandut\"\n\t\t\t\t\talt=\"Loc 31 - Vandut\"\n\t\t\t\t\tdata-action=\"\"\n\t\t\t\t\tdata-color-scheme=\"vandut\"\n\t\t\t\t\tdata-id=\"area-hotspot-1467-22\"\n\t\t\t\t\ttarget=\"\"\n\t\t\t\t\tclass=\"more-info-area\"\n\t\t\t\t\t>\n\t\t\t\t\t\t\t\t\t\t\t<area\n\t\t\t\t\tshape=\"poly\"\n\t\t\t\t\tcoords=\"426,137,591,138,591,67,426,66\"\n\t\t\t\t\thref=\"#hotspot-hotspot-1467-23\"\n\t\t\t\t\trel=\"\"\n\t\t\t\t\ttitle=\"Loc 32 - Disponibil\"\n\t\t\t\t\talt=\"Loc 32 - Disponibil\"\n\t\t\t\t\tdata-action=\"\"\n\t\t\t\t\tdata-color-scheme=\"disponibil\"\n\t\t\t\t\tdata-id=\"area-hotspot-1467-23\"\n\t\t\t\t\ttarget=\"\"\n\t\t\t\t\tclass=\"more-info-area\"\n\t\t\t\t\t>\n\t\t\t\t\t\t\t\t\t\t\t<area\n\t\t\t\t\tshape=\"poly\"\n\t\t\t\t\tcoords=\"409,336,547,335,548,270,408,269\"\n\t\t\t\t\thref=\"#hotspot-hotspot-1467-24\"\n\t\t\t\t\trel=\"\"\n\t\t\t\t\ttitle=\"Loc 33 - Rezervat\"\n\t\t\t\t\talt=\"Loc 33 - Rezervat\"\n\t\t\t\t\tdata-action=\"\"\n\t\t\t\t\tdata-color-scheme=\"rezervat\"\n\t\t\t\t\tdata-id=\"area-hotspot-1467-24\"\n\t\t\t\t\ttarget=\"\"\n\t\t\t\t\tclass=\"more-info-area\"\n\t\t\t\t\t>\n\t\t\t\t\t\t\t\t\t\t\t<area\n\t\t\t\t\tshape=\"poly\"\n\t\t\t\t\tcoords=\"407,403,548,404,548,337,408,335\"\n\t\t\t\t\thref=\"#hotspot-hotspot-1467-25\"\n\t\t\t\t\trel=\"\"\n\t\t\t\t\ttitle=\"Loc 34 - Rezervat\"\n\t\t\t\t\talt=\"Loc 34 - Rezervat\"\n\t\t\t\t\tdata-action=\"\"\n\t\t\t\t\tdata-color-scheme=\"rezervat\"\n\t\t\t\t\tdata-id=\"area-hotspot-1467-25\"\n\t\t\t\t\ttarget=\"\"\n\t\t\t\t\tclass=\"more-info-area\"\n\t\t\t\t\t>\n\t\t\t\t\t\t\t\t\t\t\t<area\n\t\t\t\t\tshape=\"poly\"\n\t\t\t\t\tcoords=\"437,593,505,592,505,451,437,450\"\n\t\t\t\t\thref=\"#hotspot-hotspot-1467-26\"\n\t\t\t\t\trel=\"\"\n\t\t\t\t\ttitle=\"Loc 35 - Disponibil\"\n\t\t\t\t\talt=\"Loc 35 - Disponibil\"\n\t\t\t\t\tdata-action=\"\"\n\t\t\t\t\tdata-color-scheme=\"disponibil\"\n\t\t\t\t\tdata-id=\"area-hotspot-1467-26\"\n\t\t\t\t\ttarget=\"\"\n\t\t\t\t\tclass=\"more-info-area\"\n\t\t\t\t\t>\n\t\t\t\t\t\t\t\t\t\t\t<area\n\t\t\t\t\tshape=\"poly\"\n\t\t\t\t\tcoords=\"377,765,523,764,523,696,378,696\"\n\t\t\t\t\thref=\"#hotspot-hotspot-1467-27\"\n\t\t\t\t\trel=\"\"\n\t\t\t\t\ttitle=\"Loc 36 - Vandut\"\n\t\t\t\t\talt=\"Loc 36 - Vandut\"\n\t\t\t\t\tdata-action=\"\"\n\t\t\t\t\tdata-color-scheme=\"vandut\"\n\t\t\t\t\tdata-id=\"area-hotspot-1467-27\"\n\t\t\t\t\ttarget=\"\"\n\t\t\t\t\tclass=\"more-info-area\"\n\t\t\t\t\t>\n\t\t\t\t\t<\/map>\n\n\t\t\n\t\t\t\t\t\n\t\t\t\t\t\t<div class=\"hotspot-info da-style-vandut\" id=\"hotspot-hotspot-1467-0\">\n\t\t\t\t\n\t\t\t\t<h2 class=\"hotspot-title\">Loc 1 - Vandut<\/h2>\t\t\t\t\t\t\t\t<div class=\"hotspot-content\">\n\t\t\t\t\t\t\t\t\t<\/div>\n\t\t\t<\/div>\n\t\t\t\t\t\n\t\t\t\t\t\t<div class=\"hotspot-info da-style-vandut\" id=\"hotspot-hotspot-1467-1\">\n\t\t\t\t\n\t\t\t\t<h2 class=\"hotspot-title\">Loc 2\/3 - Vandut<\/h2>\t\t\t\t\t\t\t\t<div class=\"hotspot-content\">\n\t\t\t\t\t\t\t\t\t<\/div>\n\t\t\t<\/div>\n\t\t\t\t\t\n\t\t\t\t\t\t<div class=\"hotspot-info da-style-vandut\" id=\"hotspot-hotspot-1467-2\">\n\t\t\t\t\n\t\t\t\t<h2 class=\"hotspot-title\">Loc 4\/5 - Vandut<\/h2>\t\t\t\t\t\t\t\t<div class=\"hotspot-content\">\n\t\t\t\t\t\t\t\t\t<\/div>\n\t\t\t<\/div>\n\t\t\t\t\t\n\t\t\t\t\t\t<div class=\"hotspot-info da-style-vandut\" id=\"hotspot-hotspot-1467-3\">\n\t\t\t\t\n\t\t\t\t<h2 class=\"hotspot-title\">Loc 6\/7 - Vandut<\/h2>\t\t\t\t\t\t\t\t<div class=\"hotspot-content\">\n\t\t\t\t\t\t\t\t\t<\/div>\n\t\t\t<\/div>\n\t\t\t\t\t\n\t\t\t\t\t\t<div class=\"hotspot-info da-style-vandut\" id=\"hotspot-hotspot-1467-4\">\n\t\t\t\t\n\t\t\t\t<h2 class=\"hotspot-title\">Loc 8\/9 - Vandut<\/h2>\t\t\t\t\t\t\t\t<div class=\"hotspot-content\">\n\t\t\t\t\t\t\t\t\t<\/div>\n\t\t\t<\/div>\n\t\t\t\t\t\n\t\t\t\t\t\t<div class=\"hotspot-info da-style-vandut\" id=\"hotspot-hotspot-1467-5\">\n\t\t\t\t\n\t\t\t\t<h2 class=\"hotspot-title\">Loc 10\/11 - Vandut<\/h2>\t\t\t\t\t\t\t\t<div class=\"hotspot-content\">\n\t\t\t\t\t\t\t\t\t<\/div>\n\t\t\t<\/div>\n\t\t\t\t\t\n\t\t\t\t\t\t<div class=\"hotspot-info da-style-vandut\" id=\"hotspot-hotspot-1467-6\">\n\t\t\t\t\n\t\t\t\t<h2 class=\"hotspot-title\">Loc 12\/13 + 14\/15 - Vandut<\/h2>\t\t\t\t\t\t\t\t<div class=\"hotspot-content\">\n\t\t\t\t\t\t\t\t\t<\/div>\n\t\t\t<\/div>\n\t\t\t\t\t\n\t\t\t\t\t\t<div class=\"hotspot-info da-style-vandut\" id=\"hotspot-hotspot-1467-7\">\n\t\t\t\t\n\t\t\t\t<h2 class=\"hotspot-title\">Loc 14\/15 + 12\/13 - Vandut<\/h2>\t\t\t\t\t\t\t\t<div class=\"hotspot-content\">\n\t\t\t\t\t\t\t\t\t<\/div>\n\t\t\t<\/div>\n\t\t\t\t\t\n\t\t\t\t\t\t<div class=\"hotspot-info da-style-vandut\" id=\"hotspot-hotspot-1467-8\">\n\t\t\t\t\n\t\t\t\t<h2 class=\"hotspot-title\">Loc 16 - Vandut<\/h2>\t\t\t\t\t\t\t\t<div class=\"hotspot-content\">\n\t\t\t\t\t\t\t\t\t<\/div>\n\t\t\t<\/div>\n\t\t\t\t\t\n\t\t\t\t\t\t<div class=\"hotspot-info da-style-vandut\" id=\"hotspot-hotspot-1467-9\">\n\t\t\t\t\n\t\t\t\t<h2 class=\"hotspot-title\">Loc 17\/18 - Vandut<\/h2>\t\t\t\t\t\t\t\t<div class=\"hotspot-content\">\n\t\t\t\t\t\t\t\t\t<\/div>\n\t\t\t<\/div>\n\t\t\t\t\t\n\t\t\t\t\t\t<div class=\"hotspot-info da-style-vandut\" id=\"hotspot-hotspot-1467-10\">\n\t\t\t\t\n\t\t\t\t<h2 class=\"hotspot-title\">Loc 19 - Vandut<\/h2>\t\t\t\t\t\t\t\t<div class=\"hotspot-content\">\n\t\t\t\t\t\t\t\t\t<\/div>\n\t\t\t<\/div>\n\t\t\t\t\t\n\t\t\t\t\t\t<div class=\"hotspot-info da-style-vandut\" id=\"hotspot-hotspot-1467-11\">\n\t\t\t\t\n\t\t\t\t<h2 class=\"hotspot-title\">Loc 20 - Vandut<\/h2>\t\t\t\t\t\t\t\t<div class=\"hotspot-content\">\n\t\t\t\t\t\t\t\t\t<\/div>\n\t\t\t<\/div>\n\t\t\t\t\t\n\t\t\t\t\t\t<div class=\"hotspot-info da-style-vandut\" id=\"hotspot-hotspot-1467-12\">\n\t\t\t\t\n\t\t\t\t<h2 class=\"hotspot-title\">Loc 21 - Vandut<\/h2>\t\t\t\t\t\t\t\t<div class=\"hotspot-content\">\n\t\t\t\t\t\t\t\t\t<\/div>\n\t\t\t<\/div>\n\t\t\t\t\t\n\t\t\t\t\t\t<div class=\"hotspot-info da-style-vandut\" id=\"hotspot-hotspot-1467-13\">\n\t\t\t\t\n\t\t\t\t<h2 class=\"hotspot-title\">Loc 22 - Vandut<\/h2>\t\t\t\t\t\t\t\t<div class=\"hotspot-content\">\n\t\t\t\t\t\t\t\t\t<\/div>\n\t\t\t<\/div>\n\t\t\t\t\t\n\t\t\t\t\t\t<div class=\"hotspot-info da-style-rezervat\" id=\"hotspot-hotspot-1467-14\">\n\t\t\t\t\n\t\t\t\t<h2 class=\"hotspot-title\">Loc 23 - Rezervat<\/h2>\t\t\t\t\t\t\t\t<div class=\"hotspot-content\">\n\t\t\t\t\t\t\t\t\t<\/div>\n\t\t\t<\/div>\n\t\t\t\t\t\n\t\t\t\t\t\t<div class=\"hotspot-info da-style-rezervat\" id=\"hotspot-hotspot-1467-15\">\n\t\t\t\t\n\t\t\t\t<h2 class=\"hotspot-title\">Loc 24 - Rezervat<\/h2>\t\t\t\t\t\t\t\t<div class=\"hotspot-content\">\n\t\t\t\t\t\t\t\t\t<\/div>\n\t\t\t<\/div>\n\t\t\t\t\t\n\t\t\t\t\t\t<div class=\"hotspot-info da-style-vandut\" id=\"hotspot-hotspot-1467-16\">\n\t\t\t\t\n\t\t\t\t<h2 class=\"hotspot-title\">Loc 25 - Vandut<\/h2>\t\t\t\t\t\t\t\t<div class=\"hotspot-content\">\n\t\t\t\t\t\t\t\t\t<\/div>\n\t\t\t<\/div>\n\t\t\t\t\t\n\t\t\t\t\t\t<div class=\"hotspot-info da-style-vandut\" id=\"hotspot-hotspot-1467-17\">\n\t\t\t\t\n\t\t\t\t<h2 class=\"hotspot-title\">Loc 26 - Vandut<\/h2>\t\t\t\t\t\t\t\t<div class=\"hotspot-content\">\n\t\t\t\t\t\t\t\t\t<\/div>\n\t\t\t<\/div>\n\t\t\t\t\t\n\t\t\t\t\t\t<div class=\"hotspot-info da-style-vandut\" id=\"hotspot-hotspot-1467-18\">\n\t\t\t\t\n\t\t\t\t<h2 class=\"hotspot-title\">Loc 27 - Vandut<\/h2>\t\t\t\t\t\t\t\t<div class=\"hotspot-content\">\n\t\t\t\t\t\t\t\t\t<\/div>\n\t\t\t<\/div>\n\t\t\t\t\t\n\t\t\t\t\t\t<div class=\"hotspot-info da-style-vandut\" id=\"hotspot-hotspot-1467-19\">\n\t\t\t\t\n\t\t\t\t<h2 class=\"hotspot-title\">Loc 28 - Vandut<\/h2>\t\t\t\t\t\t\t\t<div class=\"hotspot-content\">\n\t\t\t\t\t\t\t\t\t<\/div>\n\t\t\t<\/div>\n\t\t\t\t\t\n\t\t\t\t\t\t<div class=\"hotspot-info da-style-vandut\" id=\"hotspot-hotspot-1467-20\">\n\t\t\t\t\n\t\t\t\t<h2 class=\"hotspot-title\">Loc 29 - Vandut<\/h2>\t\t\t\t\t\t\t\t<div class=\"hotspot-content\">\n\t\t\t\t\t\t\t\t\t<\/div>\n\t\t\t<\/div>\n\t\t\t\t\t\n\t\t\t\t\t\t<div class=\"hotspot-info da-style-vandut\" id=\"hotspot-hotspot-1467-21\">\n\t\t\t\t\n\t\t\t\t<h2 class=\"hotspot-title\">Loc 30 - Vandut<\/h2>\t\t\t\t\t\t\t\t<div class=\"hotspot-content\">\n\t\t\t\t\t\t\t\t\t<\/div>\n\t\t\t<\/div>\n\t\t\t\t\t\n\t\t\t\t\t\t<div class=\"hotspot-info da-style-vandut\" id=\"hotspot-hotspot-1467-22\">\n\t\t\t\t\n\t\t\t\t<h2 class=\"hotspot-title\">Loc 31 - Vandut<\/h2>\t\t\t\t\t\t\t\t<div class=\"hotspot-content\">\n\t\t\t\t\t\t\t\t\t<\/div>\n\t\t\t<\/div>\n\t\t\t\t\t\n\t\t\t\t\t\t<div class=\"hotspot-info da-style-disponibil\" id=\"hotspot-hotspot-1467-23\">\n\t\t\t\t\n\t\t\t\t<h2 class=\"hotspot-title\">Loc 32 - Disponibil<\/h2>\t\t\t\t\t\t\t\t<div class=\"hotspot-content\">\n\t\t\t\t\t\t\t\t\t<\/div>\n\t\t\t<\/div>\n\t\t\t\t\t\n\t\t\t\t\t\t<div class=\"hotspot-info da-style-rezervat\" id=\"hotspot-hotspot-1467-24\">\n\t\t\t\t\n\t\t\t\t<h2 class=\"hotspot-title\">Loc 33 - Rezervat<\/h2>\t\t\t\t\t\t\t\t<div class=\"hotspot-content\">\n\t\t\t\t\t\t\t\t\t<\/div>\n\t\t\t<\/div>\n\t\t\t\t\t\n\t\t\t\t\t\t<div class=\"hotspot-info da-style-rezervat\" id=\"hotspot-hotspot-1467-25\">\n\t\t\t\t\n\t\t\t\t<h2 class=\"hotspot-title\">Loc 34 - Rezervat<\/h2>\t\t\t\t\t\t\t\t<div class=\"hotspot-content\">\n\t\t\t\t\t\t\t\t\t<\/div>\n\t\t\t<\/div>\n\t\t\t\t\t\n\t\t\t\t\t\t<div class=\"hotspot-info da-style-disponibil\" id=\"hotspot-hotspot-1467-26\">\n\t\t\t\t\n\t\t\t\t<h2 class=\"hotspot-title\">Loc 35 - Disponibil<\/h2>\t\t\t\t\t\t\t\t<div class=\"hotspot-content\">\n\t\t\t\t\t\t\t\t\t<\/div>\n\t\t\t<\/div>\n\t\t\t\t\t\n\t\t\t\t\t\t<div class=\"hotspot-info da-style-vandut\" id=\"hotspot-hotspot-1467-27\">\n\t\t\t\t\n\t\t\t\t<h2 class=\"hotspot-title\">Loc 36 - Vandut<\/h2>\t\t\t\t\t\t\t\t<div class=\"hotspot-content\">\n\t\t\t\t\t\t\t\t\t<\/div>\n\t\t\t<\/div>\n\t\t\t<\/div>\n\n<\/p>\n<p>[rl_gallery id=&#8221;1295&#8243;]<\/p>\n","protected":false},"excerpt":{"rendered":"<p>Derulati in jos pentru mai multe detalii si poze Parchezi f\u0103r\u0103 stres. \u00cen fiecare zi.\u00a0 &nbsp; Loc de parcare \u2013 10,000 \u20ac &nbsp; Un loc doar al t\u0103u, mereu liber, mereu aproape. F\u0103r\u0103 c\u0103ut\u0103ri, f\u0103r\u0103 blocaje, f\u0103r\u0103 nervi. Transform\u0103-\u021bi rutina zilnic\u0103 \u00eentr-un moment de lini\u0219te \u0219i confort. &nbsp; &nbsp; [rl_gallery id=&#8221;1295&#8243;]<\/p>\n","protected":false},"author":1,"featured_media":0,"parent":0,"menu_order":0,"comment_status":"closed","ping_status":"closed","template":"","meta":{"footnotes":""},"class_list":["post-994","page","type-page","status-publish","hentry"],"_links":{"self":[{"href":"https:\/\/amber-residence.ro\/index.php?rest_route=\/wp\/v2\/pages\/994","targetHints":{"allow":["GET"]}}],"collection":[{"href":"https:\/\/amber-residence.ro\/index.php?rest_route=\/wp\/v2\/pages"}],"about":[{"href":"https:\/\/amber-residence.ro\/index.php?rest_route=\/wp\/v2\/types\/page"}],"author":[{"embeddable":true,"href":"https:\/\/amber-residence.ro\/index.php?rest_route=\/wp\/v2\/users\/1"}],"replies":[{"embeddable":true,"href":"https:\/\/amber-residence.ro\/index.php?rest_route=%2Fwp%2Fv2%2Fcomments&post=994"}],"version-history":[{"count":5,"href":"https:\/\/amber-residence.ro\/index.php?rest_route=\/wp\/v2\/pages\/994\/revisions"}],"predecessor-version":[{"id":1863,"href":"https:\/\/amber-residence.ro\/index.php?rest_route=\/wp\/v2\/pages\/994\/revisions\/1863"}],"wp:attachment":[{"href":"https:\/\/amber-residence.ro\/index.php?rest_route=%2Fwp%2Fv2%2Fmedia&parent=994"}],"curies":[{"name":"wp","href":"https:\/\/api.w.org\/{rel}","templated":true}]}}